{"id":15034,"date":"2021-03-10T08:17:52","date_gmt":"2021-03-10T11:17:52","guid":{"rendered":"http:\/\/emotiocoaching.com\/?page_id=15034"},"modified":"2021-06-15T18:38:19","modified_gmt":"2021-06-15T21:38:19","slug":"proyectos-2","status":"publish","type":"page","link":"https:\/\/emotiocoaching.com\/index.php\/contacto\/proyectos-2\/","title":{"rendered":"Programas"},"content":{"rendered":"<div class=\"wpb-content-wrapper\"><p>[vc_row css_animation=&#8221;&#8221; row_type=&#8221;row&#8221; use_row_as_full_screen_section=&#8221;no&#8221; type=&#8221;full_width&#8221; angled_section=&#8221;no&#8221; text_align=&#8221;left&#8221; background_image_as_pattern=&#8221;without_pattern&#8221;][vc_column][\/vc_column][\/vc_row][vc_row css_animation=&#8221;&#8221; row_type=&#8221;row&#8221; use_row_as_full_screen_section=&#8221;no&#8221; type=&#8221;full_width&#8221; angled_section=&#8221;no&#8221; text_align=&#8221;left&#8221; background_image_as_pattern=&#8221;without_pattern&#8221;][vc_column][vc_column_text]<\/p>\n<h1 style=\"text-align: center;\">PROYECTOS\u00a0 Y\u00a0 PROGRAMAS<\/h1>\n<hr \/>\n<p>[\/vc_column_text][vc_column_text]<\/p>\n<h4 style=\"text-align: center;\">Los proyectos empresariales los co-creamos junto a nuestros clientes, ya que son ellos mismos los que conocen sus propias necesidades.<\/h4>\n<p>&nbsp;<\/p>\n<h4 style=\"text-align: center;\">Los programas tanto grupales como individuales est\u00e1n dise\u00f1ados para brindar a los coachees (clientes) las herramientas espec\u00edficas que cada uno necesita para alcanzar sus objetivos<\/h4>\n<p>[\/vc_column_text][vc_row_inner row_type=&#8221;row&#8221; type=&#8221;full_width&#8221; text_align=&#8221;left&#8221; css_animation=&#8221;&#8221;][vc_column_inner width=&#8221;1\/3&#8243;][vc_empty_space][vc_single_image image=&#8221;15557&#8243; img_size=&#8221;large&#8221; add_caption=&#8221;yes&#8221; alignment=&#8221;center&#8221; qode_css_animation=&#8221;&#8221;][vc_empty_space][vc_column_text]<\/p>\n<h2 style=\"text-align: center;\"><span style=\"color: #000000;\"><strong>Coaching con Musicoterapia<\/strong><\/span><\/h2>\n<hr \/>\n<h4 style=\"text-align: justify;\">La m\u00fasica abre caminos neuronales que posibilitan nuevas miradas a la creatividad latente en cada ser humano.<\/h4>\n<p>[\/vc_column_text][\/vc_column_inner][vc_column_inner width=&#8221;1\/3&#8243;][vc_empty_space][vc_single_image image=&#8221;15438&#8243; img_size=&#8221;full&#8221; add_caption=&#8221;yes&#8221; alignment=&#8221;center&#8221; qode_css_animation=&#8221;&#8221;][vc_empty_space][vc_column_text]<\/p>\n<h2 style=\"text-align: center;\"><span style=\"color: #000000;\"><strong>Conferencias y Talleres Remoto<\/strong><\/span><\/h2>\n<hr \/>\n<h4 style=\"text-align: justify;\">Toda la oferta de EMOTIO COACHING se encuentra disponible para realizarse de manera remota.<\/h4>\n<p>[\/vc_column_text][\/vc_column_inner][vc_column_inner width=&#8221;1\/3&#8243;][vc_empty_space][vc_single_image image=&#8221;15169&#8243; img_size=&#8221;large&#8221; alignment=&#8221;center&#8221; qode_css_animation=&#8221;&#8221;][vc_empty_space][vc_column_text]<\/p>\n<h2><\/h2>\n<h2 style=\"text-align: center;\"><span style=\"color: #000000;\"><strong>Conferencias<\/strong><\/span><\/h2>\n<p>&nbsp;<\/p>\n<hr \/>\n<h4 style=\"text-align: justify;\">\u201cApasionarte\u201d. &#8220;11 Pasos Para Brillar Sin Miedos&#8221;.\u00a0 \u201cExperience&#8221;, la compra emocional.\u00a0 \u201cEl camino de la resiliencia&#8221;, Posconflicto.<\/h4>\n<p>[\/vc_column_text][\/vc_column_inner][\/vc_row_inner][vc_row_inner row_type=&#8221;row&#8221; type=&#8221;full_width&#8221; text_align=&#8221;left&#8221; css_animation=&#8221;&#8221;][vc_column_inner width=&#8221;1\/3&#8243;][vc_empty_space][vc_single_image image=&#8221;15168&#8243; img_size=&#8221;large&#8221; add_caption=&#8221;yes&#8221; alignment=&#8221;center&#8221; qode_css_animation=&#8221;&#8221;][vc_empty_space][vc_column_text]<\/p>\n<h2 style=\"text-align: center;\"><span style=\"color: #000000;\"><strong>Coaching Personal<\/strong><\/span><\/h2>\n<hr \/>\n<h4 style=\"text-align: justify;\">Ayudamos al coachee (cliente) a definir qu\u00e9 es lo que realmente quiere y c\u00f3mo alcanzarlo.<\/h4>\n<p>[\/vc_column_text][\/vc_column_inner][vc_column_inner width=&#8221;1\/3&#8243;][vc_empty_space][vc_single_image image=&#8221;15167&#8243; img_size=&#8221;large&#8221; alignment=&#8221;center&#8221; qode_css_animation=&#8221;&#8221;][vc_empty_space][vc_column_text]<\/p>\n<h2 style=\"text-align: center;\"><span style=\"color: #000000;\"><strong>Coaching Familiar<\/strong><\/span><\/h2>\n<hr \/>\n<h4 style=\"text-align: justify;\"><span style=\"color: #000000;\">La complejidad del mundo de hoy se ve reflejada en la familia. Esta requiere de nuevas herramientas de comunicaci\u00f3n.<\/span><\/h4>\n<p>[\/vc_column_text][\/vc_column_inner][vc_column_inner width=&#8221;1\/3&#8243;][vc_empty_space][vc_single_image image=&#8221;15166&#8243; img_size=&#8221;large&#8221; add_caption=&#8221;yes&#8221; alignment=&#8221;center&#8221; qode_css_animation=&#8221;&#8221;][vc_empty_space][vc_column_text]<\/p>\n<h2 style=\"text-align: center;\"><span style=\"color: #000000;\"><strong>Coaching Cultural<\/strong><\/span><\/h2>\n<hr \/>\n<h4 style=\"text-align: justify;\">Cada vez m\u00e1s vemos organizaciones integradas de forma multirracial y trasnacional que necesitan un mayor entendimiento en sus comunicaciones.<\/h4>\n<p>[\/vc_column_text][\/vc_column_inner][\/vc_row_inner][\/vc_column][\/vc_row][vc_row css_animation=&#8221;&#8221; row_type=&#8221;row&#8221; use_row_as_full_screen_section=&#8221;no&#8221; type=&#8221;full_width&#8221; angled_section=&#8221;no&#8221; text_align=&#8221;left&#8221; background_image_as_pattern=&#8221;without_pattern&#8221;][vc_column][vc_empty_space][\/vc_column][\/vc_row]<\/p>\n<\/div>","protected":false},"excerpt":{"rendered":"<p>[vc_row css_animation=&#8221;&#8221; row_type=&#8221;row&#8221; use_row_as_full_screen_section=&#8221;no&#8221; type=&#8221;full_width&#8221; angled_section=&#8221;no&#8221; text_align=&#8221;left&#8221; background_image_as_pattern=&#8221;without_pattern&#8221;][vc_column][\/vc_column][\/vc_row][vc_row css_animation=&#8221;&#8221; row_type=&#8221;row&#8221; use_row_as_full_screen_section=&#8221;no&#8221; type=&#8221;full_width&#8221; angled_section=&#8221;no&#8221; text_align=&#8221;left&#8221; background_image_as_pattern=&#8221;without_pattern&#8221;][vc_column][vc_column_text] PROYECTOS\u00a0 Y\u00a0 PROGRAMAS [\/vc_column_text][vc_column_text] Los proyectos empresariales los co-creamos junto a nuestros clientes, ya que son ellos mismos los que conocen sus propias necesidades. &nbsp; Los programas tanto grupales como&#8230;<\/p>\n","protected":false},"author":1,"featured_media":0,"parent":15037,"menu_order":0,"comment_status":"closed","ping_status":"closed","template":"","meta":{"footnotes":""},"_links":{"self":[{"href":"https:\/\/emotiocoaching.com\/index.php\/wp-json\/wp\/v2\/pages\/15034"}],"collection":[{"href":"https:\/\/emotiocoaching.com\/index.php\/wp-json\/wp\/v2\/pages"}],"about":[{"href":"https:\/\/emotiocoaching.com\/index.php\/wp-json\/wp\/v2\/types\/page"}],"author":[{"embeddable":true,"href":"https:\/\/emotiocoaching.com\/index.php\/wp-json\/wp\/v2\/users\/1"}],"replies":[{"embeddable":true,"href":"https:\/\/emotiocoaching.com\/index.php\/wp-json\/wp\/v2\/comments?post=15034"}],"version-history":[{"count":47,"href":"https:\/\/emotiocoaching.com\/index.php\/wp-json\/wp\/v2\/pages\/15034\/revisions"}],"predecessor-version":[{"id":15569,"href":"https:\/\/emotiocoaching.com\/index.php\/wp-json\/wp\/v2\/pages\/15034\/revisions\/15569"}],"up":[{"embeddable":true,"href":"https:\/\/emotiocoaching.com\/index.php\/wp-json\/wp\/v2\/pages\/15037"}],"wp:attachment":[{"href":"https:\/\/emotiocoaching.com\/index.php\/wp-json\/wp\/v2\/media?parent=15034"}],"curies":[{"name":"wp","href":"https:\/\/api.w.org\/{rel}","templated":true}]}}