{"id":15037,"date":"2021-03-10T08:17:52","date_gmt":"2021-03-10T11:17:52","guid":{"rendered":"http:\/\/emotiocoaching.com\/?page_id=15037"},"modified":"2021-05-04T10:16:27","modified_gmt":"2021-05-04T13:16:27","slug":"contacto","status":"publish","type":"page","link":"https:\/\/emotiocoaching.com\/index.php\/contacto\/","title":{"rendered":"Contacto"},"content":{"rendered":"<div class=\"wpb-content-wrapper\"><p>[vc_row css_animation=&#8221;&#8221; row_type=&#8221;row&#8221; use_row_as_full_screen_section=&#8221;no&#8221; type=&#8221;full_width&#8221; angled_section=&#8221;no&#8221; text_align=&#8221;left&#8221; background_image_as_pattern=&#8221;without_pattern&#8221;][vc_column css=&#8221;.vc_custom_1616084067634{border-radius: 1px !important;}&#8221;][vc_column_text]<\/p>\n<h2 style=\"text-align: center;\">Contacto<\/h2>\n<p>[\/vc_column_text][vc_column_text]<\/p>\n<h4 style=\"text-align: center;\">No dudes en ponerte en contacto con nosotros y sin ning\u00fan compromiso te explicamos en qu\u00e9 consiste un proceso de coaching ontol\u00f3gico para el emprendimiento\u00a0 o de un programa de coaching ontol\u00f3gico organizacional.<\/h4>\n<p>[\/vc_column_text][vc_empty_space][vc_separator type=&#8221;normal&#8221;][\/vc_column][\/vc_row][vc_row css_animation=&#8221;&#8221; row_type=&#8221;row&#8221; use_row_as_full_screen_section=&#8221;no&#8221; type=&#8221;full_width&#8221; angled_section=&#8221;no&#8221; text_align=&#8221;left&#8221; background_image_as_pattern=&#8221;without_pattern&#8221; css=&#8221;.vc_custom_1616080831255{border-radius: 3px !important;}&#8221; z_index=&#8221;&#8221;][vc_column width=&#8221;1\/2&#8243;][contact-form-7 id=&#8221;15089&#8243; html_class=&#8221;default&#8221;][\/vc_column][vc_column width=&#8221;1\/2&#8243;][vc_column_text]<\/p>\n<h1 style=\"text-align: center;\"><strong>Contacto Directo<\/strong><\/h1>\n<h3 style=\"text-align: center;\"><\/h3>\n<p>&nbsp;<\/p>\n<h3 style=\"text-align: center;\"><\/h3>\n<h3><\/h3>\n<h2 style=\"text-align: center;\">Nueva York, EE.UU<\/h2>\n<h3 style=\"text-align: center;\">Emotio Coaching Inc.<\/h3>\n<h4 style=\"text-align: center;\">Cel y Whatsapp +(1)-347-651-5800<\/h4>\n<h4 style=\"text-align: center;\">E-mail: agustin@emotiocoaching.com<\/h4>\n<p>&nbsp;<\/p>\n<p>&nbsp;<\/p>\n<h2 style=\"text-align: center;\">Bogot\u00e1 D.C., Colombia<\/h2>\n<h3 style=\"text-align: center;\">Emotio Coaching Inc.<\/h3>\n<h4 style=\"text-align: center;\">Cel y Whatsapp +(57) 316-531-5152<br \/>\nE-mail: info@emotiocoaching.com<\/h4>\n<p>[\/vc_column_text][\/vc_column][\/vc_row][vc_row css_animation=&#8221;&#8221; row_type=&#8221;row&#8221; use_row_as_full_screen_section=&#8221;no&#8221; type=&#8221;full_width&#8221; angled_section=&#8221;no&#8221; text_align=&#8221;left&#8221; background_image_as_pattern=&#8221;without_pattern&#8221;][vc_column][vc_empty_space][\/vc_column][\/vc_row][vc_row css_animation=&#8221;&#8221; row_type=&#8221;row&#8221; use_row_as_full_screen_section=&#8221;no&#8221; type=&#8221;full_width&#8221; angled_section=&#8221;no&#8221; text_align=&#8221;left&#8221; background_image_as_pattern=&#8221;without_pattern&#8221;][vc_column][vc_column_text]<\/p>\n<h3 style=\"text-align: center;\">Algunos de nuestros clientes<\/h3>\n<p>[\/vc_column_text][vc_separator type=&#8221;normal&#8221;][vc_single_image image=&#8221;15099&#8243; img_size=&#8221;full&#8221; alignment=&#8221;center&#8221; qode_css_animation=&#8221;&#8221;][vc_empty_space][\/vc_column][\/vc_row]<\/p>\n<\/div>","protected":false},"excerpt":{"rendered":"<p>[vc_row css_animation=&#8221;&#8221; row_type=&#8221;row&#8221; use_row_as_full_screen_section=&#8221;no&#8221; type=&#8221;full_width&#8221; angled_section=&#8221;no&#8221; text_align=&#8221;left&#8221; background_image_as_pattern=&#8221;without_pattern&#8221;][vc_column css=&#8221;.vc_custom_1616084067634{border-radius: 1px !important;}&#8221;][vc_column_text] Contacto [\/vc_column_text][vc_column_text] No dudes en ponerte en contacto con nosotros y sin ning\u00fan compromiso te explicamos en qu\u00e9 consiste un proceso de coaching ontol\u00f3gico para el emprendimiento\u00a0 o de un programa de coaching ontol\u00f3gico&#8230;<\/p>\n","protected":false},"author":1,"featured_media":0,"parent":0,"menu_order":0,"comment_status":"closed","ping_status":"closed","template":"","meta":{"footnotes":""},"_links":{"self":[{"href":"https:\/\/emotiocoaching.com\/index.php\/wp-json\/wp\/v2\/pages\/15037"}],"collection":[{"href":"https:\/\/emotiocoaching.com\/index.php\/wp-json\/wp\/v2\/pages"}],"about":[{"href":"https:\/\/emotiocoaching.com\/index.php\/wp-json\/wp\/v2\/types\/page"}],"author":[{"embeddable":true,"href":"https:\/\/emotiocoaching.com\/index.php\/wp-json\/wp\/v2\/users\/1"}],"replies":[{"embeddable":true,"href":"https:\/\/emotiocoaching.com\/index.php\/wp-json\/wp\/v2\/comments?post=15037"}],"version-history":[{"count":49,"href":"https:\/\/emotiocoaching.com\/index.php\/wp-json\/wp\/v2\/pages\/15037\/revisions"}],"predecessor-version":[{"id":15434,"href":"https:\/\/emotiocoaching.com\/index.php\/wp-json\/wp\/v2\/pages\/15037\/revisions\/15434"}],"wp:attachment":[{"href":"https:\/\/emotiocoaching.com\/index.php\/wp-json\/wp\/v2\/media?parent=15037"}],"curies":[{"name":"wp","href":"https:\/\/api.w.org\/{rel}","templated":true}]}}