{"id":15206,"date":"2021-03-25T12:40:41","date_gmt":"2021-03-25T15:40:41","guid":{"rendered":"http:\/\/emotiocoaching.com\/?page_id=15206"},"modified":"2021-06-22T11:33:33","modified_gmt":"2021-06-22T14:33:33","slug":"proyectos-2-2","status":"publish","type":"page","link":"https:\/\/emotiocoaching.com\/index.php\/contacto\/proyectos-2-2\/","title":{"rendered":"CEO"},"content":{"rendered":"<div class=\"wpb-content-wrapper\"><p>[vc_row css_animation=&#8221;&#8221; row_type=&#8221;row&#8221; use_row_as_full_screen_section=&#8221;no&#8221; type=&#8221;full_width&#8221; angled_section=&#8221;no&#8221; text_align=&#8221;left&#8221; background_image_as_pattern=&#8221;without_pattern&#8221;][vc_column][\/vc_column][\/vc_row][vc_row css_animation=&#8221;&#8221; row_type=&#8221;row&#8221; use_row_as_full_screen_section=&#8221;no&#8221; type=&#8221;full_width&#8221; angled_section=&#8221;no&#8221; text_align=&#8221;left&#8221; background_image_as_pattern=&#8221;without_pattern&#8221;][vc_column][vc_column_text]<\/p>\n<h1 style=\"text-align: center;\"><strong>CEO<\/strong><\/h1>\n<hr \/>\n<p>[\/vc_column_text][vc_row_inner row_type=&#8221;row&#8221; type=&#8221;full_width&#8221; text_align=&#8221;left&#8221; css_animation=&#8221;&#8221;][vc_column_inner width=&#8221;1\/3&#8243;][vc_empty_space][vc_raw_html]JTVCbGF5ZXJzbGlkZXIlMjBpZCUzRCUyMjklMjIlNUQ=[\/vc_raw_html][vc_empty_space][vc_column_text]<\/p>\n<h2><\/h2>\n<h2 style=\"text-align: center;\"><span style=\"color: #000000;\"><strong>EMOTIO COACHING<\/strong><\/span><\/h2>\n<hr \/>\n<h4><\/h4>\n<h4 style=\"text-align: justify;\">Facilita que personas y organizaciones muestren su mejor versi\u00f3n en aquello que es importante y significativo para ellas. \u201cEl Coaching consiste en desbloquear el potencial de una persona para maximizar su propio rendimiento. Se trata de ayudar a aprender en lugar de ense\u00f1ar\u201d<\/h4>\n<h4 style=\"text-align: justify;\">Timothy Gallwey<\/h4>\n<p>&nbsp;<\/p>\n<p>&nbsp;<\/p>\n<h4 style=\"text-align: justify;\"><strong>Beneficios de los Programas:\u00a0<\/strong><\/h4>\n<h4><\/h4>\n<p>&nbsp;<\/p>\n<h4 style=\"text-align: justify;\">Identificar qu\u00e9 realmente quieres (enfoque), definir objetivos (norte), encontrar prop\u00f3sito, generar empoderamiento, desarrollar creatividad, liderazgo, confianza, innovaci\u00f3n, efectividad, gesti\u00f3n emocional,\u00a0 aprovechamiento del tiempo,, comunicaci\u00f3n asertiva, compromiso, esp\u00edritu de colaboraci\u00f3n y servicio, trabajo en equipo, felicidad. Pasar de resultados ordinarios a extraordinarios. Convertirte en un profesional del Siglo XXI..! Incorporando tambi\u00e9n todas estas habilidades a la empresa cuando lo requiere.<\/h4>\n<p>[\/vc_column_text][vc_empty_space][\/vc_column_inner][vc_column_inner width=&#8221;1\/3&#8243;][vc_empty_space][vc_single_image image=&#8221;15316&#8243; img_size=&#8221;large&#8221; alignment=&#8221;center&#8221; qode_css_animation=&#8221;&#8221;][vc_empty_space][vc_column_text]<\/p>\n<h2 style=\"text-align: center;\"><span style=\"color: #000000;\"><strong>AGUST\u00cdN TORRES\u00a0<\/strong><\/span><\/h2>\n<hr \/>\n<h4><\/h4>\n<h4 style=\"text-align: justify;\">Bienvenido, es un placer, que est\u00e9s visitando nuestra p\u00e1gina. Soy Agust\u00edn Torres nac\u00ed en Argentina, viv\u00ed 20 a\u00f1os en Colombia y ahora radicado en New York. Me desempe\u00f1o como conferencista internacional de motivaci\u00f3n para la empresa SMART SPEAKERS entre otras, y como Coach Ontol\u00f3gico de varias empresas. Certi?caci\u00f3n Internacional COCREAR Argentina.<\/h4>\n<h4><\/h4>\n<p>&nbsp;<\/p>\n<h4 style=\"text-align: justify;\">Certi?caci\u00f3n Internacional EIDHI como coach de alto nivel seg\u00fan est\u00e1ndares ICF. M\u00e1ster In Leadership and Organizational Development with Coaching-ICF, EE.UU. Executive Masters in Leadership Skills Developed in Harvard, facilitador de talleres, m\u00fasico terap\u00e9uta, compositor y escritor.<\/h4>\n<h4><\/h4>\n<p>&nbsp;<\/p>\n<h4 style=\"text-align: justify;\">Me he desempe\u00f1ado como consultor externo en procesos de transformaci\u00f3n del Ministerio de Justicia (1998-1999) (2005\u20132006) realizando coaching de equipos, coaching grupal y capacitaci\u00f3n a equipos de trabajo de alto desempe\u00f1o as\u00ed como de individuos.<\/h4>\n<p>[\/vc_column_text][\/vc_column_inner][vc_column_inner width=&#8221;1\/3&#8243;][vc_empty_space][vc_raw_html]JTVCbGF5ZXJzbGlkZXIlMjBpZCUzRCUyMjklMjIlNUQ=[\/vc_raw_html][vc_empty_space][vc_column_text]<\/p>\n<h2><\/h2>\n<h2 style=\"text-align: center;\"><span style=\"color: #000000;\"><strong>EXPERTISE<\/strong><\/span><\/h2>\n<hr \/>\n<h4 style=\"text-align: justify;\">Creatividad, innovaci\u00f3n, y emprendimiento, ventas, experiencia de cliente, Cambio de cultura organizacional y postconflicto. Tenemos experiencia en trabajos de integraci\u00f3n con grupos de distintas denominaciones e ideolog\u00edas y en el \u00e1rea de resoluci\u00f3n de conflictos.<\/h4>\n<h4><\/h4>\n<p>&nbsp;<\/p>\n<h4><\/h4>\n<p>&nbsp;<\/p>\n<h4 style=\"text-align: justify;\">Creador y director del programa \u201cAprender a Emprender\u201d, sobre creatividad, innovaci\u00f3n y emprendimiento de la Universidad Polit\u00e9cnico Gran Colombiano.<\/h4>\n<p>&nbsp;<\/p>\n<h4><span style=\"color: #3366ff;\"><a style=\"color: #3366ff;\" href=\"https:\/\/www.youtube.com\/watch?v=1PrZtVhpCnk\">https:\/\/www.youtube.com\/watch?v=1PrZtVhpCnk<\/a><\/span><\/h4>\n<p>&nbsp;<\/p>\n<h4 style=\"text-align: justify;\">CEO Inspiracionalista de la empresa Emotio Coaching<\/h4>\n<p>&nbsp;<\/p>\n<h4><span style=\"color: #3366ff;\"><a style=\"color: #3366ff;\" href=\"http:\/\/www.emotiocoaching.com\">www.emotiocoaching.com<\/a><\/span><\/h4>\n<p>&nbsp;<\/p>\n<h4 style=\"text-align: justify;\">Director ejecutivo de la Fundaci\u00f3n Healing Colombia desde el a\u00f1o 2000<\/h4>\n<p>&nbsp;<\/p>\n<h4><span style=\"color: #3366ff;\"><a style=\"color: #3366ff;\" href=\"http:\/\/www.healingcolombia.org\">www.healingcolombia.org<\/a><\/span><\/h4>\n<p>[\/vc_column_text][vc_empty_space][\/vc_column_inner][\/vc_row_inner][vc_column_text]<\/p>\n<h4><\/h4>\n<h4 style=\"text-align: center;\"><strong>Ha capacitado y entrenado a m\u00e1s de 7.000 personas en desarrollo personal y productividad laboral por medio del coaching ontol\u00f3gico con musicoterapia.<\/strong><\/h4>\n<p>[\/vc_column_text][vc_empty_space][\/vc_column][\/vc_row]<\/p>\n<\/div>","protected":false},"excerpt":{"rendered":"<p>[vc_row css_animation=&#8221;&#8221; row_type=&#8221;row&#8221; use_row_as_full_screen_section=&#8221;no&#8221; type=&#8221;full_width&#8221; angled_section=&#8221;no&#8221; text_align=&#8221;left&#8221; background_image_as_pattern=&#8221;without_pattern&#8221;][vc_column][\/vc_column][\/vc_row][vc_row css_animation=&#8221;&#8221; row_type=&#8221;row&#8221; use_row_as_full_screen_section=&#8221;no&#8221; type=&#8221;full_width&#8221; angled_section=&#8221;no&#8221; text_align=&#8221;left&#8221; background_image_as_pattern=&#8221;without_pattern&#8221;][vc_column][vc_column_text] CEO [\/vc_column_text][vc_row_inner row_type=&#8221;row&#8221; type=&#8221;full_width&#8221; text_align=&#8221;left&#8221; css_animation=&#8221;&#8221;][vc_column_inner width=&#8221;1\/3&#8243;][vc_empty_space][vc_raw_html]JTVCbGF5ZXJzbGlkZXIlMjBpZCUzRCUyMjklMjIlNUQ=[\/vc_raw_html][vc_empty_space][vc_column_text] EMOTIO COACHING Facilita que personas y organizaciones muestren su mejor versi\u00f3n en aquello que es importante y significativo para ellas. \u201cEl Coaching consiste&#8230;<\/p>\n","protected":false},"author":2,"featured_media":0,"parent":15037,"menu_order":0,"comment_status":"closed","ping_status":"closed","template":"","meta":{"footnotes":""},"_links":{"self":[{"href":"https:\/\/emotiocoaching.com\/index.php\/wp-json\/wp\/v2\/pages\/15206"}],"collection":[{"href":"https:\/\/emotiocoaching.com\/index.php\/wp-json\/wp\/v2\/pages"}],"about":[{"href":"https:\/\/emotiocoaching.com\/index.php\/wp-json\/wp\/v2\/types\/page"}],"author":[{"embeddable":true,"href":"https:\/\/emotiocoaching.com\/index.php\/wp-json\/wp\/v2\/users\/2"}],"replies":[{"embeddable":true,"href":"https:\/\/emotiocoaching.com\/index.php\/wp-json\/wp\/v2\/comments?post=15206"}],"version-history":[{"count":56,"href":"https:\/\/emotiocoaching.com\/index.php\/wp-json\/wp\/v2\/pages\/15206\/revisions"}],"predecessor-version":[{"id":15575,"href":"https:\/\/emotiocoaching.com\/index.php\/wp-json\/wp\/v2\/pages\/15206\/revisions\/15575"}],"up":[{"embeddable":true,"href":"https:\/\/emotiocoaching.com\/index.php\/wp-json\/wp\/v2\/pages\/15037"}],"wp:attachment":[{"href":"https:\/\/emotiocoaching.com\/index.php\/wp-json\/wp\/v2\/media?parent=15206"}],"curies":[{"name":"wp","href":"https:\/\/api.w.org\/{rel}","templated":true}]}}