{"id":15266,"date":"2021-03-28T19:21:13","date_gmt":"2021-03-28T22:21:13","guid":{"rendered":"http:\/\/emotiocoaching.com\/?page_id=15266"},"modified":"2021-06-15T18:54:35","modified_gmt":"2021-06-15T21:54:35","slug":"proyectos-2-2-2","status":"publish","type":"page","link":"https:\/\/emotiocoaching.com\/index.php\/contacto\/proyectos-2-2-2\/","title":{"rendered":"BLOG"},"content":{"rendered":"<div class=\"wpb-content-wrapper\"><p>[vc_row css_animation=&#8221;&#8221; row_type=&#8221;row&#8221; use_row_as_full_screen_section=&#8221;no&#8221; type=&#8221;full_width&#8221; angled_section=&#8221;no&#8221; text_align=&#8221;left&#8221; background_image_as_pattern=&#8221;without_pattern&#8221;][vc_column][\/vc_column][\/vc_row][vc_row css_animation=&#8221;&#8221; row_type=&#8221;row&#8221; use_row_as_full_screen_section=&#8221;no&#8221; type=&#8221;full_width&#8221; angled_section=&#8221;no&#8221; text_align=&#8221;left&#8221; background_image_as_pattern=&#8221;without_pattern&#8221;][vc_column][vc_column_text]<\/p>\n<hr \/>\n<h1 style=\"text-align: center;\"><strong>BLOG<\/strong><\/h1>\n<hr \/>\n<p>[\/vc_column_text][vc_row_inner row_type=&#8221;row&#8221; type=&#8221;full_width&#8221; text_align=&#8221;left&#8221; css_animation=&#8221;&#8221;][vc_column_inner width=&#8221;1\/2&#8243;][vc_empty_space][vc_column_text]<\/p>\n<h2 style=\"text-align: center;\"><span style=\"color: #000000;\"><strong>La ley de la polaridad<\/strong><\/span><\/h2>\n<hr \/>\n<h4 style=\"text-align: justify;\">Hay que entender la ley de la polaridad. No existe el uno sin el otro, donde hay positivo hay negativo y viceversa. Por supuesto que buscamos que haya m\u00e1s positivo que negativo, pero ambos son inseparables, por eso cuando hablamos de un nuevo a\u00f1o, definitivamente traer\u00e1 ambos. Lo que puede marcar una gran diferencia es verlo todo como algo \u201cnuevo\u201d que nunca viviste antes. Buscar lo nuevo en todo, tener una mirada nueva sobre cosas viejas. El a\u00f1o nuevo en s\u00ed mismo no es nada, es tu percepci\u00f3n lo que le da sentido. Hay una magia en la vida que hay que descubrir, algunos lo llaman el juego de la vida, para otros es una gran obra de teatro donde cada uno elige el rol, podes ser el protagonista o el extra, podes ser el h\u00e9roe o la v\u00edctima, podes armar una comedia o un drama, por eso enero es un mes tan bueno para poner en papel lo que realmente quieres lograr, o de lo quieres deshacerte o lo que sea. \u00bfPor qu\u00e9 en papel? Porque lo grafico lo asimila mejor el cerebro, lo ordena y busca la forma de hacerlo realidad si va acompa\u00f1ado de un fuerte deseo, tambi\u00e9n te ayuda a recordarlo y tomar acci\u00f3n. Yo decido vivir un verdadero a\u00f1o nuevo, 0 kil\u00f3metro, listo para ser estrenado. Entremos en el con la fuerza, determinaci\u00f3n, fe, y el coraje del ganador. Abrazo!<\/h4>\n<p>[\/vc_column_text][vc_empty_space][\/vc_column_inner][vc_column_inner width=&#8221;1\/2&#8243;][vc_empty_space][vc_column_text]<\/p>\n<h2 style=\"text-align: center;\"><span style=\"color: #000000;\"><strong>Procrastinaci\u00f3n<\/strong><\/span><\/h2>\n<hr \/>\n<h4 style=\"text-align: justify;\">Procrastinaci\u00f3n. \u00bfPorque postergamos? Las razones pueden ser muy variadas, pero enumerar\u00e9 las m\u00e1s sobresalientes. 1. Esfuerzo, antes de que t\u00fa seas consciente de que te va a costar algo, tu cerebro ya lo sabe y comienza a mandar se\u00f1ales para que no lo hagas. Recuerda, a tu cerebro no le importa que seas feliz, su misi\u00f3n es que gastes la menor energ\u00eda posible en todo lo que hagas, a menos que provoque satisfacci\u00f3n. 2. Falta de confianza en nosotros mismos. No hemos aprendido a desarrollar una mentalidad determinada, que una vez que ha decidido algo, va por ello hasta alcanzarlo. 3. Temor al fracaso o al \u00e9xito. El fracaso est\u00e1 muy relacionado a lo que piensen los dem\u00e1s de m\u00ed, y el temor al \u00e9xito, si lo poder seguir manteniendo. El miedo no es malo en si mismo, pues nos advierte de peligros, pero es malo cuando nos paraliza. 4. Par\u00e1lisis por el an\u00e1lisis. Pienso tanto en los pros y contras que termino no haciendo nada. La buena noticia es: que es todo entra\u00f1able o aprendible. La cantidad de herramientas y recursos que tenemos hoy a nuestro alcance (adem\u00e1s de los propios) son impresionantes, pero la decisi\u00f3n de emplearlos\u2026\u2026. siempre es nuestra. \u00bfSeguir\u00e1s procrastinando?<\/h4>\n<p>[\/vc_column_text][vc_empty_space][\/vc_column_inner][\/vc_row_inner][\/vc_column][\/vc_row]<\/p>\n<\/div>","protected":false},"excerpt":{"rendered":"<p>[vc_row css_animation=&#8221;&#8221; row_type=&#8221;row&#8221; use_row_as_full_screen_section=&#8221;no&#8221; type=&#8221;full_width&#8221; angled_section=&#8221;no&#8221; text_align=&#8221;left&#8221; background_image_as_pattern=&#8221;without_pattern&#8221;][vc_column][\/vc_column][\/vc_row][vc_row css_animation=&#8221;&#8221; row_type=&#8221;row&#8221; use_row_as_full_screen_section=&#8221;no&#8221; type=&#8221;full_width&#8221; angled_section=&#8221;no&#8221; text_align=&#8221;left&#8221; background_image_as_pattern=&#8221;without_pattern&#8221;][vc_column][vc_column_text] BLOG [\/vc_column_text][vc_row_inner row_type=&#8221;row&#8221; type=&#8221;full_width&#8221; text_align=&#8221;left&#8221; css_animation=&#8221;&#8221;][vc_column_inner width=&#8221;1\/2&#8243;][vc_empty_space][vc_column_text] La ley de la polaridad Hay que entender la ley de la polaridad. No existe el uno sin el otro, donde hay positivo&#8230;<\/p>\n","protected":false},"author":2,"featured_media":0,"parent":15037,"menu_order":0,"comment_status":"closed","ping_status":"closed","template":"","meta":{"footnotes":""},"_links":{"self":[{"href":"https:\/\/emotiocoaching.com\/index.php\/wp-json\/wp\/v2\/pages\/15266"}],"collection":[{"href":"https:\/\/emotiocoaching.com\/index.php\/wp-json\/wp\/v2\/pages"}],"about":[{"href":"https:\/\/emotiocoaching.com\/index.php\/wp-json\/wp\/v2\/types\/page"}],"author":[{"embeddable":true,"href":"https:\/\/emotiocoaching.com\/index.php\/wp-json\/wp\/v2\/users\/2"}],"replies":[{"embeddable":true,"href":"https:\/\/emotiocoaching.com\/index.php\/wp-json\/wp\/v2\/comments?post=15266"}],"version-history":[{"count":5,"href":"https:\/\/emotiocoaching.com\/index.php\/wp-json\/wp\/v2\/pages\/15266\/revisions"}],"predecessor-version":[{"id":15571,"href":"https:\/\/emotiocoaching.com\/index.php\/wp-json\/wp\/v2\/pages\/15266\/revisions\/15571"}],"up":[{"embeddable":true,"href":"https:\/\/emotiocoaching.com\/index.php\/wp-json\/wp\/v2\/pages\/15037"}],"wp:attachment":[{"href":"https:\/\/emotiocoaching.com\/index.php\/wp-json\/wp\/v2\/media?parent=15266"}],"curies":[{"name":"wp","href":"https:\/\/api.w.org\/{rel}","templated":true}]}}